{"id":61,"date":"2017-05-09T14:50:01","date_gmt":"2017-05-09T12:50:01","guid":{"rendered":"http:\/\/blog.karlroeser.com\/?page_id=61"},"modified":"2017-06-14T10:41:26","modified_gmt":"2017-06-14T08:41:26","slug":"guenter-zorn","status":"publish","type":"page","link":"https:\/\/blog.karlroeser.com\/?page_id=61","title":{"rendered":"G\u00fcnter Zorn (d)"},"content":{"rendered":"<p><strong><a href=\"http:\/\/blog.karlroeser.com\/wp-content\/uploads\/2017\/05\/GuenterZornPortraitsmall.jpg\" data-rel=\"lightbox-image-0\" data-rl_title=\"\" data-rl_caption=\"\" title=\"\"><img loading=\"lazy\" decoding=\"async\" class=\" wp-image-65 alignleft\" src=\"http:\/\/blog.karlroeser.com\/wp-content\/uploads\/2017\/05\/GuenterZornPortraitsmall-300x300.jpg\" alt=\"\" width=\"211\" height=\"211\" srcset=\"https:\/\/blog.karlroeser.com\/wp-content\/uploads\/2017\/05\/GuenterZornPortraitsmall-300x300.jpg 300w, https:\/\/blog.karlroeser.com\/wp-content\/uploads\/2017\/05\/GuenterZornPortraitsmall-150x150.jpg 150w, https:\/\/blog.karlroeser.com\/wp-content\/uploads\/2017\/05\/GuenterZornPortraitsmall-768x768.jpg 768w, https:\/\/blog.karlroeser.com\/wp-content\/uploads\/2017\/05\/GuenterZornPortraitsmall-1024x1024.jpg 1024w\" sizes=\"auto, (max-width: 211px) 100vw, 211px\" \/><\/a><\/strong><strong>G\u00fcnter Zorn<\/strong>, Jahrgang 1953, graduierte 1978 an der TU Koeln zum Fotoingenieur. Er begann seinen Berufsweg bei der Polaroid Corporation und arbeitete den gr\u00f6\u00dften Teil seiner Karriere in der grafischen Industrie in Deutschland, den Niederlanden, Frankreich und Japan, wo er seit 1991 lebt. In den hier gezeigten Bildern will er die verborgene Sch\u00f6nheit hinter der gebrochenen Oberfl\u00e4che des Alterns und der Patina in seinen Fotos zeigen. \u201eWabi Sabi\u201c nennen die Japaner diese \u00c4sthetik, deren H\u00f6chstes nicht die offenkundige, sondern die verh\u00fcllte Sch\u00f6nheit ist. Mehr als 30 Jahre Berufs- und Privatleben als Unternehmer und Schriftsteller in Japan sind ein fruchtbarer N\u00e4hrboden f\u00fcr seine fotografischen Arbeiten. Seine intime Kenntnis von Ort und Kultur erschlie\u00dfen ihm immer wieder originelle Ansichten, und die R\u00fcckbesinnung auf die Wurzeln der monochromen Fotografie im digitalen Gewand ist f\u00fcr ihn die ideale Technik, dieses japanische \u00c4sthetik \u2013 Konzept ins Bild zu setzen. Guenter Zorn hat seine Arbeiten in mehreren Einzel- und Gruppenausstellungen und Deutschland und Japan gezeigt.<\/p>\n<p>&nbsp;<\/p>\n<p><strong>Ausstellungen:<br \/>\n<\/strong><\/p>\n<p><a href=\"http:\/\/blog.karlroeser.com\/?p=10\">Japan &#8211; Deutschland: Zwei Laender, drei Persepktiven<\/a><\/p>\n<p><a href=\"http:\/\/blog.karlroeser.com\/?page_id=50\">Japan: Kultur und Aesthetik<\/a><\/p>\n<p>&nbsp;<\/p>\n<p>&nbsp;<\/p>\n<p>&nbsp;<\/p>\n<p><strong>Kontakt:<\/strong><\/p>\n<p>guenter.zorn@gol.com<\/p>\n","protected":false},"excerpt":{"rendered":"<p>G\u00fcnter Zorn, Jahrgang 1953, graduierte 1978 an der TU Koeln zum Fotoingenieur. Er begann seinen Berufsweg bei der Polaroid Corporation und arbeitete den gr\u00f6\u00dften Teil seiner Karriere in der grafischen Industrie in Deutschland, den Niederlanden, Frankreich und Japan, wo er &hellip; <a href=\"https:\/\/blog.karlroeser.com\/?page_id=61\">Weiterlesen <span class=\"meta-nav\">&rarr;<\/span><\/a><\/p>\n","protected":false},"author":1,"featured_media":184,"parent":0,"menu_order":0,"comment_status":"closed","ping_status":"closed","template":"","meta":{"ngg_post_thumbnail":0,"footnotes":""},"class_list":["post-61","page","type-page","status-publish","has-post-thumbnail","hentry"],"_links":{"self":[{"href":"https:\/\/blog.karlroeser.com\/index.php?rest_route=\/wp\/v2\/pages\/61","targetHints":{"allow":["GET"]}}],"collection":[{"href":"https:\/\/blog.karlroeser.com\/index.php?rest_route=\/wp\/v2\/pages"}],"about":[{"href":"https:\/\/blog.karlroeser.com\/index.php?rest_route=\/wp\/v2\/types\/page"}],"author":[{"embeddable":true,"href":"https:\/\/blog.karlroeser.com\/index.php?rest_route=\/wp\/v2\/users\/1"}],"replies":[{"embeddable":true,"href":"https:\/\/blog.karlroeser.com\/index.php?rest_route=%2Fwp%2Fv2%2Fcomments&post=61"}],"version-history":[{"count":9,"href":"https:\/\/blog.karlroeser.com\/index.php?rest_route=\/wp\/v2\/pages\/61\/revisions"}],"predecessor-version":[{"id":278,"href":"https:\/\/blog.karlroeser.com\/index.php?rest_route=\/wp\/v2\/pages\/61\/revisions\/278"}],"wp:featuredmedia":[{"embeddable":true,"href":"https:\/\/blog.karlroeser.com\/index.php?rest_route=\/wp\/v2\/media\/184"}],"wp:attachment":[{"href":"https:\/\/blog.karlroeser.com\/index.php?rest_route=%2Fwp%2Fv2%2Fmedia&parent=61"}],"curies":[{"name":"wp","href":"https:\/\/api.w.org\/{rel}","templated":true}]}}