{"id":67,"date":"2017-05-09T15:05:34","date_gmt":"2017-05-09T13:05:34","guid":{"rendered":"http:\/\/blog.karlroeser.com\/?page_id=67"},"modified":"2017-06-14T10:40:06","modified_gmt":"2017-06-14T08:40:06","slug":"karl-roeser-d","status":"publish","type":"page","link":"https:\/\/blog.karlroeser.com\/?page_id=67","title":{"rendered":"Karl R\u00f6ser (d)"},"content":{"rendered":"<p><strong><a href=\"http:\/\/blog.karlroeser.com\/wp-content\/uploads\/2017\/05\/Karl-RoeserPortrait.jpg\" data-rel=\"lightbox-image-0\" data-rl_title=\"\" data-rl_caption=\"\" title=\"\"><img loading=\"lazy\" decoding=\"async\" class=\"size-medium wp-image-68 alignleft\" src=\"http:\/\/blog.karlroeser.com\/wp-content\/uploads\/2017\/05\/Karl-RoeserPortrait-225x300.jpg\" alt=\"\" width=\"225\" height=\"300\" \/><\/a>Karl R\u00f6ser<\/strong> hat acht Jahre lang in Japan gelebt und gearbeitet und dabei die Kamera st\u00e4ndig mit sich gef\u00fchrt. Er beobachtet seine allt\u00e4gliche Umgebung und dokumentiert die eigene \u00dcberraschung dar\u00fcber, wie fremdartig ein Ringkampf nach den 2000 Jahre alten Regeln des Sumo inmitten einer modernen Metropole wirkt und wie vertraut andererseits Zeremonien aus der urspr\u00fcnglichen japanischen Religion \u201eShinto\u201c auf einen christlich sozialisierten Ausl\u00e4nder anmuten k\u00f6nnen. Das einzigartige Kirschbl\u00fctenfest \u201eSakura\u201c, die hochsommerlichen Feuerwerke \u201eHanabi\u201c und die traditionelle japanische Kleidung sind weitere Themen, an denen sich sein Erstaunen und seine Bewunderung \u00e4u\u00dfern.<\/p>\n","protected":false},"excerpt":{"rendered":"<p>Karl R\u00f6ser hat acht Jahre lang in Japan gelebt und gearbeitet und dabei die Kamera st\u00e4ndig mit sich gef\u00fchrt. Er beobachtet seine allt\u00e4gliche Umgebung und dokumentiert die eigene \u00dcberraschung dar\u00fcber, wie fremdartig ein Ringkampf nach den 2000 Jahre alten Regeln &hellip; <a href=\"https:\/\/blog.karlroeser.com\/?page_id=67\">Weiterlesen <span class=\"meta-nav\">&rarr;<\/span><\/a><\/p>\n","protected":false},"author":1,"featured_media":58,"parent":0,"menu_order":0,"comment_status":"closed","ping_status":"closed","template":"","meta":{"ngg_post_thumbnail":0,"footnotes":""},"class_list":["post-67","page","type-page","status-publish","has-post-thumbnail","hentry"],"_links":{"self":[{"href":"https:\/\/blog.karlroeser.com\/index.php?rest_route=\/wp\/v2\/pages\/67","targetHints":{"allow":["GET"]}}],"collection":[{"href":"https:\/\/blog.karlroeser.com\/index.php?rest_route=\/wp\/v2\/pages"}],"about":[{"href":"https:\/\/blog.karlroeser.com\/index.php?rest_route=\/wp\/v2\/types\/page"}],"author":[{"embeddable":true,"href":"https:\/\/blog.karlroeser.com\/index.php?rest_route=\/wp\/v2\/users\/1"}],"replies":[{"embeddable":true,"href":"https:\/\/blog.karlroeser.com\/index.php?rest_route=%2Fwp%2Fv2%2Fcomments&post=67"}],"version-history":[{"count":2,"href":"https:\/\/blog.karlroeser.com\/index.php?rest_route=\/wp\/v2\/pages\/67\/revisions"}],"predecessor-version":[{"id":1785,"href":"https:\/\/blog.karlroeser.com\/index.php?rest_route=\/wp\/v2\/pages\/67\/revisions\/1785"}],"wp:featuredmedia":[{"embeddable":true,"href":"https:\/\/blog.karlroeser.com\/index.php?rest_route=\/wp\/v2\/media\/58"}],"wp:attachment":[{"href":"https:\/\/blog.karlroeser.com\/index.php?rest_route=%2Fwp%2Fv2%2Fmedia&parent=67"}],"curies":[{"name":"wp","href":"https:\/\/api.w.org\/{rel}","templated":true}]}}